{"id":12959,"date":"2022-01-03T16:43:37","date_gmt":"2022-01-03T16:43:37","guid":{"rendered":"https:\/\/rgc.gr\/?page_id=12959"},"modified":"2022-01-03T16:43:58","modified_gmt":"2022-01-03T16:43:58","slug":"%ce%b8%cf%8d%ce%bc%ce%b9%ce%bf%cf%82-%ce%bc%cf%80%cf%8c%ce%ba%ce%b9%ce%b1%cf%82","status":"publish","type":"page","link":"https:\/\/rgc.gr\/gr\/%ce%b8%cf%8d%ce%bc%ce%b9%ce%bf%cf%82-%ce%bc%cf%80%cf%8c%ce%ba%ce%b9%ce%b1%cf%82\/","title":{"rendered":"\u0398\u03cd\u03bc\u03b9\u03bf\u03c2 \u039c\u03c0\u03cc\u03ba\u03b9\u03b1\u03c2"},"content":{"rendered":"<div data-elementor-type=\"wp-page\" data-elementor-id=\"12959\" class=\"elementor elementor-12959\">\n\t\t\t\t\t\t<section class=\"elementor-section elementor-top-section elementor-element elementor-element-88c72c9 elementor-section-stretched elementor-section-full_width elementor-section-height-default elementor-section-height-default\" data-id=\"88c72c9\" data-element_type=\"section\" data-e-type=\"section\" data-settings=\"{&quot;stretch_section&quot;:&quot;section-stretched&quot;}\">\n\t\t\t\t\t\t<div class=\"elementor-container elementor-column-gap-default\">\n\t\t\t\t\t<div class=\"elementor-column elementor-col-50 elementor-top-column elementor-element elementor-element-34ade78\" data-id=\"34ade78\" data-element_type=\"column\" data-e-type=\"column\" data-settings=\"{&quot;background_background&quot;:&quot;classic&quot;}\">\n\t\t\t<div class=\"elementor-widget-wrap elementor-element-populated\">\n\t\t\t\t\t\t<section class=\"elementor-section elementor-inner-section elementor-element elementor-element-d1ac2ee elementor-section-boxed elementor-section-height-default elementor-section-height-default\" data-id=\"d1ac2ee\" data-element_type=\"section\" data-e-type=\"section\">\n\t\t\t\t\t\t<div class=\"elementor-container elementor-column-gap-default\">\n\t\t\t\t\t<div class=\"elementor-column elementor-col-100 elementor-inner-column elementor-element elementor-element-373cb4c\" data-id=\"373cb4c\" data-element_type=\"column\" data-e-type=\"column\">\n\t\t\t<div class=\"elementor-widget-wrap elementor-element-populated\">\n\t\t\t\t\t\t<div class=\"elementor-element elementor-element-71aee46 elementor-widget elementor-widget-text-editor\" data-id=\"71aee46\" data-element_type=\"widget\" data-e-type=\"widget\" data-settings=\"{&quot;_animation&quot;:&quot;none&quot;}\" data-widget_type=\"text-editor.default\">\n\t\t\t\t<div class=\"elementor-widget-container\">\n\t\t\t\t\t\t\t\t\t<h2>\u0398\u03cd\u03bc\u03b9\u03bf\u03c2 \u039c\u03c0\u03cc\u03ba\u03b9\u03b1\u03c2<\/h2>\t\t\t\t\t\t\t\t<\/div>\n\t\t\t\t<\/div>\n\t\t\t\t\t<\/div>\n\t\t<\/div>\n\t\t\t\t\t<\/div>\n\t\t<\/section>\n\t\t\t\t\t<\/div>\n\t\t<\/div>\n\t\t\t\t<div class=\"elementor-column elementor-col-50 elementor-top-column elementor-element elementor-element-0102cb1\" data-id=\"0102cb1\" data-element_type=\"column\" data-e-type=\"column\">\n\t\t\t<div class=\"elementor-widget-wrap elementor-element-populated\">\n\t\t\t\t\t\t<section class=\"elementor-section elementor-inner-section elementor-element elementor-element-60adfa1 elementor-section-boxed elementor-section-height-default elementor-section-height-default\" data-id=\"60adfa1\" data-element_type=\"section\" data-e-type=\"section\">\n\t\t\t\t\t\t<div class=\"elementor-container elementor-column-gap-default\">\n\t\t\t\t\t<div class=\"elementor-column elementor-col-100 elementor-inner-column elementor-element elementor-element-d2aad7d\" data-id=\"d2aad7d\" data-element_type=\"column\" data-e-type=\"column\">\n\t\t\t<div class=\"elementor-widget-wrap elementor-element-populated\">\n\t\t\t\t\t\t<div class=\"elementor-element elementor-element-975f9c6 elementor-widget elementor-widget-image\" data-id=\"975f9c6\" data-element_type=\"widget\" data-e-type=\"widget\" data-settings=\"{&quot;_animation&quot;:&quot;none&quot;}\" data-widget_type=\"image.default\">\n\t\t\t\t<div class=\"elementor-widget-container\">\n\t\t\t\t\t\t\t\t\t\t\t\t\t\t\t<img fetchpriority=\"high\" decoding=\"async\" width=\"960\" height=\"360\" src=\"https:\/\/rgc.gr\/wp-content\/uploads\/2021\/03\/RGC-header-photo-temp.jpg\" class=\"attachment-large size-large wp-image-1050\" alt=\"\" srcset=\"https:\/\/rgc.gr\/wp-content\/uploads\/2021\/03\/RGC-header-photo-temp.jpg 960w, https:\/\/rgc.gr\/wp-content\/uploads\/2021\/03\/RGC-header-photo-temp-300x113.jpg 300w, https:\/\/rgc.gr\/wp-content\/uploads\/2021\/03\/RGC-header-photo-temp-768x288.jpg 768w, https:\/\/rgc.gr\/wp-content\/uploads\/2021\/03\/RGC-header-photo-temp-260x98.jpg 260w, https:\/\/rgc.gr\/wp-content\/uploads\/2021\/03\/RGC-header-photo-temp-50x19.jpg 50w, https:\/\/rgc.gr\/wp-content\/uploads\/2021\/03\/RGC-header-photo-temp-150x56.jpg 150w\" sizes=\"(max-width:767px) 480px, (max-width:960px) 100vw, 960px\" \/>\t\t\t\t\t\t\t\t\t\t\t\t\t\t\t<\/div>\n\t\t\t\t<\/div>\n\t\t\t\t\t<\/div>\n\t\t<\/div>\n\t\t\t\t\t<\/div>\n\t\t<\/section>\n\t\t\t\t\t<\/div>\n\t\t<\/div>\n\t\t\t\t\t<\/div>\n\t\t<\/section>\n\t\t\t\t<section class=\"elementor-section elementor-top-section elementor-element elementor-element-cc7b1d3 elementor-section-full_width elementor-section-stretched elementor-section-height-default elementor-section-height-default\" data-id=\"cc7b1d3\" data-element_type=\"section\" data-e-type=\"section\" data-settings=\"{&quot;stretch_section&quot;:&quot;section-stretched&quot;}\">\n\t\t\t\t\t\t<div class=\"elementor-container elementor-column-gap-default\">\n\t\t\t\t\t<div class=\"elementor-column elementor-col-50 elementor-top-column elementor-element elementor-element-9f5b4ad\" data-id=\"9f5b4ad\" data-element_type=\"column\" data-e-type=\"column\">\n\t\t\t<div class=\"elementor-widget-wrap elementor-element-populated\">\n\t\t\t\t\t\t<div class=\"elementor-element elementor-element-7fea575 elementor-invisible elementor-widget elementor-widget-image\" data-id=\"7fea575\" data-element_type=\"widget\" data-e-type=\"widget\" data-settings=\"{&quot;_animation&quot;:&quot;fadeInUp&quot;}\" data-widget_type=\"image.default\">\n\t\t\t\t<div class=\"elementor-widget-container\">\n\t\t\t\t\t\t\t\t\t\t\t\t\t\t\t<img decoding=\"async\" src=\"https:\/\/rgc.gr\/wp-content\/uploads\/elementor\/thumbs\/65191b9a815d610d44cbb66b3eb7cacc7612e79a-pih7yzkc0wx9ya54xgnm4vm8pi1hw1xmqtbmsaqtaq.png\" title=\"65191b9a815d610d44cbb66b3eb7cacc7612e79a\" alt=\"65191b9a815d610d44cbb66b3eb7cacc7612e79a\" loading=\"lazy\" \/>\t\t\t\t\t\t\t\t\t\t\t\t\t\t\t<\/div>\n\t\t\t\t<\/div>\n\t\t\t\t\t<\/div>\n\t\t<\/div>\n\t\t\t\t<div class=\"elementor-column elementor-col-50 elementor-top-column elementor-element elementor-element-5a30487\" data-id=\"5a30487\" data-element_type=\"column\" data-e-type=\"column\">\n\t\t\t<div class=\"elementor-widget-wrap elementor-element-populated\">\n\t\t\t\t\t\t<div class=\"elementor-element elementor-element-b1c2cec elementor-invisible elementor-widget elementor-widget-text-editor\" data-id=\"b1c2cec\" data-element_type=\"widget\" data-e-type=\"widget\" data-settings=\"{&quot;_animation&quot;:&quot;fadeInUp&quot;}\" data-widget_type=\"text-editor.default\">\n\t\t\t\t<div class=\"elementor-widget-container\">\n\t\t\t\t\t\t\t\t\t<div id=\"am_1484\" class=\"amodule am_1484\" style=\"color: #333333; font-family: Roboto, verdana, 'bitstream vera sans', sans-serif; font-size: 16px; font-style: normal; font-variant-ligatures: normal; font-variant-caps: normal; font-weight: 300; letter-spacing: normal; orphans: 2; text-align: left; text-indent: 0px; text-transform: none; white-space: normal; widows: 2; word-spacing: 0px; -webkit-text-stroke-width: 0px; background-color: #ffffff; text-decoration-thickness: initial; text-decoration-style: initial; text-decoration-color: initial;\"><p><em>STUDIES:<\/em><br \/>Maser of Science: Agriculture policies; Institut Agronomique M\u00e9diterran\u00e9en \u2013 Montpellier \u2013 France\u00a0 (1986)<br \/>DSPU (Dipl\u00f4me de Sp\u00e9cialisation Post Universitaire) Agriculture policies and management; Institut Agronomique M\u00e9diterran\u00e9en \u2013 Montpellier \u2013 France (1985)<br \/>Agriculture Engineer: Aristotelian University\/\u00a0Agriculture; Thessaloniki- Greece (1983)<\/p><p><em>WORK EXPERIENCE:<\/em>\u00a0<br \/>Since June 1988: European Commission.\u00a0<br \/>From March 2013: Head of Unit DG AGRI G1 &#8216;Rural Development Spain and Portugal&#8217;\u00a0<br \/>July 2009 to March 2013: Deputy Head of Unit DG AGRI F1 &#8216;Rural Development Spain and Portugal&#8217;\u00a0<br \/>July 2007 to July 2009: Deputy Head of Unit: DG AGRI L3 &#8220;Microeconomic analyses of EU agricultural holdings&#8221;\u00a0<br \/>May 2006 to December 2006: Acting Head of Unit: DG AGRI L1 &#8220;Agriculture policy analysis&#8221;\u00a0<br \/>July 2001- July 2007: Head of \u201cresearch\u201d sector in DG Agriculture and Rural Development (Unit: DG AGRI L1 &#8220;Agriculture policy analysis&#8221;)\u00a0<br \/>December 1992 \u2013 July 2001: DG \u201cFinancial Control\u201d: Principal administrator, control of CAP measures\u00a0<br \/>June 1988 to November 1992: DG Research, Scientific officer, Non food demonstration Projects.\u00a0<br \/>September 1987- February 1988: Trainee in the European Commission, DG Agriculture\u00a0<br \/>January 1987- July 1987: researcher, \u201cInstitut Agronomique Mediteran\u00e9en\u201d ( Montpellier \u2013 France)<\/p><p><em>OTHER ACTIVITIES<\/em><em>\u00a0<\/em><br \/>Academic, Academia Georgofili, Italy<br \/>President (2009-2013) and vice president (since 2013) of the Association of Epirotes in Belgium<\/p><\/div>\t\t\t\t\t\t\t\t<\/div>\n\t\t\t\t<\/div>\n\t\t\t\t\t<\/div>\n\t\t<\/div>\n\t\t\t\t\t<\/div>\n\t\t<\/section>\n\t\t\t\t<section class=\"elementor-section elementor-top-section elementor-element elementor-element-06b2162 elementor-section-boxed elementor-section-height-default elementor-section-height-default\" data-id=\"06b2162\" data-element_type=\"section\" data-e-type=\"section\">\n\t\t\t\t\t\t<div class=\"elementor-container elementor-column-gap-default\">\n\t\t\t\t\t<div class=\"elementor-column elementor-col-100 elementor-top-column elementor-element elementor-element-f95f510\" data-id=\"f95f510\" data-element_type=\"column\" data-e-type=\"column\">\n\t\t\t<div class=\"elementor-widget-wrap elementor-element-populated\">\n\t\t\t\t\t\t<div class=\"elementor-element elementor-element-e8660c2 elementor-widget elementor-widget-spacer\" data-id=\"e8660c2\" data-element_type=\"widget\" data-e-type=\"widget\" data-widget_type=\"spacer.default\">\n\t\t\t\t<div class=\"elementor-widget-container\">\n\t\t\t\t\t\t\t<div class=\"elementor-spacer\">\n\t\t\t<div class=\"elementor-spacer-inner\"><\/div>\n\t\t<\/div>\n\t\t\t\t\t\t<\/div>\n\t\t\t\t<\/div>\n\t\t\t\t\t<\/div>\n\t\t<\/div>\n\t\t\t\t\t<\/div>\n\t\t<\/section>\n\t\t\t\t<\/div>","protected":false},"excerpt":{"rendered":"<p>\u0398\u03cd\u03bc\u03b9\u03bf\u03c2 \u039c\u03c0\u03cc\u03ba\u03b9\u03b1\u03c2 STUDIES:Maser of Science: Agriculture policies; Institut Agronomique M\u00e9diterran\u00e9en \u2013 Montpellier \u2013 France\u00a0 (1986)DSPU (Dipl\u00f4me de Sp\u00e9cialisation Post Universitaire) Agriculture policies and management; Institut Agronomique<span class=\"excerpt-hellip\"> [\u2026]<\/span><\/p>\n","protected":false},"author":11,"featured_media":0,"parent":0,"menu_order":0,"comment_status":"closed","ping_status":"closed","template":"","meta":{"footnotes":""},"class_list":["post-12959","page","type-page","status-publish","hentry"],"_links":{"self":[{"href":"https:\/\/rgc.gr\/gr\/wp-json\/wp\/v2\/pages\/12959","targetHints":{"allow":["GET"]}}],"collection":[{"href":"https:\/\/rgc.gr\/gr\/wp-json\/wp\/v2\/pages"}],"about":[{"href":"https:\/\/rgc.gr\/gr\/wp-json\/wp\/v2\/types\/page"}],"author":[{"embeddable":true,"href":"https:\/\/rgc.gr\/gr\/wp-json\/wp\/v2\/users\/11"}],"replies":[{"embeddable":true,"href":"https:\/\/rgc.gr\/gr\/wp-json\/wp\/v2\/comments?post=12959"}],"version-history":[{"count":0,"href":"https:\/\/rgc.gr\/gr\/wp-json\/wp\/v2\/pages\/12959\/revisions"}],"wp:attachment":[{"href":"https:\/\/rgc.gr\/gr\/wp-json\/wp\/v2\/media?parent=12959"}],"curies":[{"name":"wp","href":"https:\/\/api.w.org\/{rel}","templated":true}]}}