{"id":18612,"date":"2022-04-26T06:47:47","date_gmt":"2022-04-26T06:47:47","guid":{"rendered":"https:\/\/rgc.gr\/?page_id=18612"},"modified":"2022-04-26T06:49:24","modified_gmt":"2022-04-26T06:49:24","slug":"katarina-ivankovic-knezevic","status":"publish","type":"page","link":"https:\/\/rgc.gr\/gr\/speakers-2022\/katarina-ivankovic-knezevic\/","title":{"rendered":"Katarina Ivankovi\u0107 Kne\u017eevi\u0107"},"content":{"rendered":"<div data-elementor-type=\"wp-page\" data-elementor-id=\"18612\" class=\"elementor elementor-18612\">\n\t\t\t\t\t\t<section class=\"elementor-section elementor-top-section elementor-element elementor-element-4571740 elementor-section-stretched elementor-section-full_width elementor-section-height-default elementor-section-height-default\" data-id=\"4571740\" data-element_type=\"section\" data-e-type=\"section\" data-settings=\"{&quot;stretch_section&quot;:&quot;section-stretched&quot;}\">\n\t\t\t\t\t\t<div class=\"elementor-container elementor-column-gap-default\">\n\t\t\t\t\t<div class=\"elementor-column elementor-col-50 elementor-top-column elementor-element elementor-element-c9a43dc\" data-id=\"c9a43dc\" data-element_type=\"column\" data-e-type=\"column\" data-settings=\"{&quot;background_background&quot;:&quot;classic&quot;}\">\n\t\t\t<div class=\"elementor-widget-wrap elementor-element-populated\">\n\t\t\t\t\t\t<section class=\"elementor-section elementor-inner-section elementor-element elementor-element-9d55362 elementor-section-boxed elementor-section-height-default elementor-section-height-default\" data-id=\"9d55362\" data-element_type=\"section\" data-e-type=\"section\">\n\t\t\t\t\t\t<div class=\"elementor-container elementor-column-gap-default\">\n\t\t\t\t\t<div class=\"elementor-column elementor-col-100 elementor-inner-column elementor-element elementor-element-282c4af\" data-id=\"282c4af\" data-element_type=\"column\" data-e-type=\"column\">\n\t\t\t<div class=\"elementor-widget-wrap elementor-element-populated\">\n\t\t\t\t\t\t<div class=\"elementor-element elementor-element-6bf82c4 elementor-widget elementor-widget-text-editor\" data-id=\"6bf82c4\" data-element_type=\"widget\" data-e-type=\"widget\" data-widget_type=\"text-editor.default\">\n\t\t\t\t<div class=\"elementor-widget-container\">\n\t\t\t\t\t\t\t\t\t<h3 style=\"text-align: center;\"><span style=\"color: #324975;\">\u0394\u03b5\u03af\u03c4\u03b5 \u03c4\u03bf\u03c5\u03c2 \u039f\u03bc\u03b9\u03bb\u03b7\u03c4\u03ad\u03c2 \u03bc\u03b1\u03c2<\/span><\/h3>\t\t\t\t\t\t\t\t<\/div>\n\t\t\t\t<\/div>\n\t\t\t\t\t<\/div>\n\t\t<\/div>\n\t\t\t\t\t<\/div>\n\t\t<\/section>\n\t\t\t\t\t<\/div>\n\t\t<\/div>\n\t\t\t\t<div class=\"elementor-column elementor-col-50 elementor-top-column elementor-element elementor-element-c85a6c6\" data-id=\"c85a6c6\" data-element_type=\"column\" data-e-type=\"column\" data-settings=\"{&quot;background_background&quot;:&quot;classic&quot;}\">\n\t\t\t<div class=\"elementor-widget-wrap\">\n\t\t\t\t\t\t\t<\/div>\n\t\t<\/div>\n\t\t\t\t\t<\/div>\n\t\t<\/section>\n\t\t\t\t<section class=\"elementor-section elementor-top-section elementor-element elementor-element-cc7b1d3 elementor-section-full_width elementor-section-stretched elementor-section-height-default elementor-section-height-default\" data-id=\"cc7b1d3\" data-element_type=\"section\" data-e-type=\"section\" data-settings=\"{&quot;stretch_section&quot;:&quot;section-stretched&quot;}\">\n\t\t\t\t\t\t<div class=\"elementor-container elementor-column-gap-default\">\n\t\t\t\t\t<div class=\"elementor-column elementor-col-50 elementor-top-column elementor-element elementor-element-9f5b4ad\" data-id=\"9f5b4ad\" data-element_type=\"column\" data-e-type=\"column\">\n\t\t\t<div class=\"elementor-widget-wrap elementor-element-populated\">\n\t\t\t\t\t\t<div class=\"elementor-element elementor-element-ba83b4a elementor-invisible elementor-widget elementor-widget-image\" data-id=\"ba83b4a\" data-element_type=\"widget\" data-e-type=\"widget\" data-settings=\"{&quot;_animation&quot;:&quot;fadeInLeft&quot;}\" data-widget_type=\"image.default\">\n\t\t\t\t<div class=\"elementor-widget-container\">\n\t\t\t\t\t\t\t\t\t\t\t\t\t\t\t<img fetchpriority=\"high\" decoding=\"async\" width=\"450\" height=\"450\" src=\"https:\/\/rgc.gr\/wp-content\/uploads\/2022\/04\/ivankovic.png\" class=\"attachment-large size-large wp-image-18608\" alt=\"\" srcset=\"https:\/\/rgc.gr\/wp-content\/uploads\/2022\/04\/ivankovic.png 450w, https:\/\/rgc.gr\/wp-content\/uploads\/2022\/04\/ivankovic-300x300.png 300w, https:\/\/rgc.gr\/wp-content\/uploads\/2022\/04\/ivankovic-150x150.png 150w, https:\/\/rgc.gr\/wp-content\/uploads\/2022\/04\/ivankovic-146x146.png 146w, https:\/\/rgc.gr\/wp-content\/uploads\/2022\/04\/ivankovic-50x50.png 50w, https:\/\/rgc.gr\/wp-content\/uploads\/2022\/04\/ivankovic-75x75.png 75w, https:\/\/rgc.gr\/wp-content\/uploads\/2022\/04\/ivankovic-85x85.png 85w, https:\/\/rgc.gr\/wp-content\/uploads\/2022\/04\/ivankovic-80x80.png 80w\" sizes=\"(max-width:767px) 450px, 450px\" \/>\t\t\t\t\t\t\t\t\t\t\t\t\t\t\t<\/div>\n\t\t\t\t<\/div>\n\t\t\t\t\t<\/div>\n\t\t<\/div>\n\t\t\t\t<div class=\"elementor-column elementor-col-50 elementor-top-column elementor-element elementor-element-5a30487\" data-id=\"5a30487\" data-element_type=\"column\" data-e-type=\"column\">\n\t\t\t<div class=\"elementor-widget-wrap elementor-element-populated\">\n\t\t\t\t\t\t<div class=\"elementor-element elementor-element-c61b95b animated-slow elementor-invisible elementor-widget elementor-widget-heading\" data-id=\"c61b95b\" data-element_type=\"widget\" data-e-type=\"widget\" data-settings=\"{&quot;_animation&quot;:&quot;fadeInRight&quot;}\" data-widget_type=\"heading.default\">\n\t\t\t\t<div class=\"elementor-widget-container\">\n\t\t\t\t\t<h2 class=\"elementor-heading-title elementor-size-default\">Katarina Ivankovi\u0107 Kne\u017eevi\u0107<\/h2>\t\t\t\t<\/div>\n\t\t\t\t<\/div>\n\t\t\t\t<div class=\"elementor-element elementor-element-1636650 elementor-invisible elementor-widget elementor-widget-text-editor\" data-id=\"1636650\" data-element_type=\"widget\" data-e-type=\"widget\" data-settings=\"{&quot;_animation&quot;:&quot;fadeInRight&quot;}\" data-widget_type=\"text-editor.default\">\n\t\t\t\t<div class=\"elementor-widget-container\">\n\t\t\t\t\t\t\t\t\t<p><strong>Director for Social Rights and Inclusion, European Commission<\/strong><\/p>\t\t\t\t\t\t\t\t<\/div>\n\t\t\t\t<\/div>\n\t\t\t\t<div class=\"elementor-element elementor-element-b1c2cec animated-slow elementor-invisible elementor-widget elementor-widget-text-editor\" data-id=\"b1c2cec\" data-element_type=\"widget\" data-e-type=\"widget\" data-settings=\"{&quot;_animation&quot;:&quot;fadeInUp&quot;}\" data-widget_type=\"text-editor.default\">\n\t\t\t\t<div class=\"elementor-widget-container\">\n\t\t\t\t\t\t\t\t\t<p><span style=\"font-weight: 400;\">Since September 2018 Katarina Ivankovi\u0107 Kne\u017eevi\u0107 is a Director for Social Rights and Inclusion in the Directorate General for Employment, Social Affairs and Inclusion.\u00a0 Her area of activity\u00a0 is modernisation of social protection systems and wider social policies fostering social and labour market inclusion, through the implementation of the European Pillar of Social Rights and other relevant social policies of the European Union. Before the European Commission she was a State Secretary in the Ministry of Labour and the Pension System of the Republic of Croatia, in which she was responsible for the management and implementation of the European Social Fund and other EU instruments aiming at human resources development. For the last 20 years her professional interests are human rights and gender equality, social policy and employment with particular accent to the labour market policies.<\/span><\/p>\t\t\t\t\t\t\t\t<\/div>\n\t\t\t\t<\/div>\n\t\t\t\t<div class=\"elementor-element elementor-element-9a40769 elementor-shape-circle e-grid-align-left elementor-grid-0 elementor-widget elementor-widget-social-icons\" data-id=\"9a40769\" data-element_type=\"widget\" data-e-type=\"widget\" data-widget_type=\"social-icons.default\">\n\t\t\t\t<div class=\"elementor-widget-container\">\n\t\t\t\t\t\t\t<div class=\"elementor-social-icons-wrapper elementor-grid\">\n\t\t\t\t\t\t\t<span class=\"elementor-grid-item\">\n\t\t\t\t\t<a class=\"elementor-icon elementor-social-icon elementor-social-icon-linkedin elementor-repeater-item-2dabdfd\" href=\"https:\/\/www.linkedin.com\/in\/katarina-ivankovi%C4%87-kne%C5%BEevi%C4%87-604a9233\/\" target=\"_blank\">\n\t\t\t\t\t\t<span class=\"elementor-screen-only\">Linkedin<\/span>\n\t\t\t\t\t\t<i aria-hidden=\"true\" class=\"fab fa-linkedin\"><\/i>\t\t\t\t\t<\/a>\n\t\t\t\t<\/span>\n\t\t\t\t\t<\/div>\n\t\t\t\t\t\t<\/div>\n\t\t\t\t<\/div>\n\t\t\t\t\t<\/div>\n\t\t<\/div>\n\t\t\t\t\t<\/div>\n\t\t<\/section>\n\t\t\t\t<section class=\"elementor-section elementor-top-section elementor-element elementor-element-06b2162 elementor-section-boxed elementor-section-height-default elementor-section-height-default\" data-id=\"06b2162\" data-element_type=\"section\" data-e-type=\"section\">\n\t\t\t\t\t\t<div class=\"elementor-container elementor-column-gap-default\">\n\t\t\t\t\t<div class=\"elementor-column elementor-col-100 elementor-top-column elementor-element elementor-element-f95f510\" data-id=\"f95f510\" data-element_type=\"column\" data-e-type=\"column\">\n\t\t\t<div class=\"elementor-widget-wrap elementor-element-populated\">\n\t\t\t\t\t\t<div class=\"elementor-element elementor-element-e8660c2 elementor-widget elementor-widget-spacer\" data-id=\"e8660c2\" data-element_type=\"widget\" data-e-type=\"widget\" data-widget_type=\"spacer.default\">\n\t\t\t\t<div class=\"elementor-widget-container\">\n\t\t\t\t\t\t\t<div class=\"elementor-spacer\">\n\t\t\t<div class=\"elementor-spacer-inner\"><\/div>\n\t\t<\/div>\n\t\t\t\t\t\t<\/div>\n\t\t\t\t<\/div>\n\t\t\t\t\t<\/div>\n\t\t<\/div>\n\t\t\t\t\t<\/div>\n\t\t<\/section>\n\t\t\t\t<\/div>","protected":false},"excerpt":{"rendered":"<p>Meet our Speakers Katarina Ivankovi\u0107 Kne\u017eevi\u0107 Director for Social Rights and Inclusion, European Commission Since September 2018 Katarina Ivankovi\u0107 Kne\u017eevi\u0107 is a Director for Social Rights<span class=\"excerpt-hellip\"> [\u2026]<\/span><\/p>\n","protected":false},"author":11,"featured_media":0,"parent":11921,"menu_order":0,"comment_status":"closed","ping_status":"closed","template":"","meta":{"footnotes":""},"class_list":["post-18612","page","type-page","status-publish","hentry"],"_links":{"self":[{"href":"https:\/\/rgc.gr\/gr\/wp-json\/wp\/v2\/pages\/18612","targetHints":{"allow":["GET"]}}],"collection":[{"href":"https:\/\/rgc.gr\/gr\/wp-json\/wp\/v2\/pages"}],"about":[{"href":"https:\/\/rgc.gr\/gr\/wp-json\/wp\/v2\/types\/page"}],"author":[{"embeddable":true,"href":"https:\/\/rgc.gr\/gr\/wp-json\/wp\/v2\/users\/11"}],"replies":[{"embeddable":true,"href":"https:\/\/rgc.gr\/gr\/wp-json\/wp\/v2\/comments?post=18612"}],"version-history":[{"count":0,"href":"https:\/\/rgc.gr\/gr\/wp-json\/wp\/v2\/pages\/18612\/revisions"}],"up":[{"embeddable":true,"href":"https:\/\/rgc.gr\/gr\/wp-json\/wp\/v2\/pages\/11921"}],"wp:attachment":[{"href":"https:\/\/rgc.gr\/gr\/wp-json\/wp\/v2\/media?parent=18612"}],"curies":[{"name":"wp","href":"https:\/\/api.w.org\/{rel}","templated":true}]}}